{"id":3364,"date":"2024-03-11T15:34:57","date_gmt":"2024-03-11T14:34:57","guid":{"rendered":"https:\/\/dev.equipex.ca\/compressors\/"},"modified":"2024-04-18T13:55:28","modified_gmt":"2024-04-18T11:55:28","slug":"compressors","status":"publish","type":"page","link":"https:\/\/equipex.ca\/en\/rental\/compressors\/","title":{"rendered":"Compressors"},"content":{"rendered":"\n<section  class=\"o-block u-bg-background\">\n    <div class=\"c-text o-container\">\n        <div class=\"c-text_inner\">\n            \n                            <div class=\"c-text_content w-100\">\n                <h1>RENTAL OF INDUSTRIAL AIR COMPRESSORS AND AIR DRYERS<\/h1>\n<p>With 50 years of experience, CompressAir Canada Location is truly the leader in industrial air compressors. We offer innovative, energy-efficient and cost-effective solutions that dramatically improve your business operations. As a proud partner of the Atlas Copco brand, we offer you fast, professional service!<\/p>\n\n            <\/div>\n                    <\/div>\n    <\/div>\n<\/section>\n\n\n<section  class=\"o-section c-product_section c-product_model-1 u-padding-top-none u-bg-background\">\n    <div class=\"o-container\">\n                    <div class=\"c-product_heading-div\">\n                                    <h2 class=\"c-product_heading animated\" data-animation=\"fadeInUp\">ELECTRIC AND DIESEL COMPRESSORS<\/h2>\n                \n                            <\/div>\n                <div class=\"c-product\">\n                                                                        <div class=\"c-product_element\">                            \n                            <div class=\"c-product_element-content\">\n                                <h3 class=\"c-product_card-title c-product-media-animate u-margin-bottom-none\">ELECTRIC COMPRESSORS<\/h3>\n                                 \n                                    <p><p><strong>Electric compressors available from 10 to 420 HP<\/strong><\/p>\n<p>With 50 years of experience, CompressAir Canada Location is truly the leader in industrial compressors. We offer innovative, energy-efficient and cost-effective solutions that significantly improve your business operations. As a proud partner of the Atlas Copco brand, we offer you fast, professional service! We offer the option of food-grade oil for all our rental units.<\/p>\n<\/p>\n                                                                 \n                                    <div class=\"u-flex c-product_btn-div\">           \n                                        <a class=\"c-product_btn c-btn -secondary\" href=\"\/en\/quote-rental\/?prodcat=electric-diesel-compressors&#038;prodid=electric-compressors\" title=\"Get a quote\" target=\"_self\">Get a quote<\/a>\n                                    <\/div>\n                                                            <\/div>\n                            <div class=\"c-product_element-media\">\n                                <img decoding=\"async\" class=\"c-product_card-img\" src=\"https:\/\/equipex.ca\/wp-content\/uploads\/2024\/04\/compresseur-electrique-1.jpg\" \n                                    alt=\"Compresseur \u00e9lectrique\">\n                            <\/div>\n                        <\/div>\n                                            <div class=\"c-product_element\">                            \n                            <div class=\"c-product_element-content\">\n                                <h3 class=\"c-product_card-title c-product-media-animate u-margin-bottom-none\">DIESEL COMPRESSORS<\/h3>\n                                 \n                                    <p><p><strong>Diesel compressors available from 185 to 1600 CFM<\/strong><\/p>\n<p>Our diesel-powered compressors offer your business state-of-the-art technology and the flexibility you need. Robust, durable and energy-efficient, they offer excellent value for money.<\/p>\n<p>They are designed to meet the needs of construction sites, manufacturing companies and the petrochemical industry<\/p>\n<p>These compressors enable work to be carried out without the need for electricity. This makes them ideal for locations where electrical power is not available.<\/p>\n<p>Call us to find out which unit is right for your project, based on the air flow and quality required to meet your needs.<\/p>\n<\/p>\n                                                                 \n                                    <div class=\"u-flex c-product_btn-div\">           \n                                        <a class=\"c-product_btn c-btn -secondary\" href=\"\/en\/quote-rental\/?prodcat=electric-diesel-compressors&#038;prodid=portable-diesel-compressors\" title=\"Get a quote\" target=\"_self\">Get a quote<\/a>\n                                    <\/div>\n                                                            <\/div>\n                            <div class=\"c-product_element-media\">\n                                <img decoding=\"async\" class=\"c-product_card-img\" src=\"https:\/\/equipex.ca\/wp-content\/uploads\/2024\/04\/xas850.jpg\" \n                                    alt=\"Compresseur d'air\">\n                            <\/div>\n                        <\/div>\n                                            <div class=\"c-product_element\">                            \n                            <div class=\"c-product_element-content\">\n                                <h3 class=\"c-product_card-title c-product-media-animate u-margin-bottom-none\">HIGH-PRESSURE COMPRESSORS<\/h3>\n                                 \n                                    <p><p>Atlas Copco XRVS Series compressors deliver their high pressure requirements, at the right flow and speed, in the most efficient way in their class. Their energy consumption is optimized by the exclusive FuelExpert system. Safety is a key design feature at every level: easily accessible valves and emergency stops; easy to pull, lift and handle; environmental awareness reflected in excellent soundproofing, optimum energy efficiency and maximized service life. As with the entire Atlas Copco range, our engineers have focused on reliability and practicality. They have selected the best components to enhance the reliability and ease of maintenance of these units.<\/p>\n<\/p>\n                                                                 \n                                    <div class=\"u-flex c-product_btn-div\">           \n                                        <a class=\"c-product_btn c-btn -secondary\" href=\"\/en\/quote-rental\/?prodcat=electric-diesel-compressors&#038;prodid=high-pressure-compressors\" title=\"Get a quote\" target=\"_self\">Get a quote<\/a>\n                                    <\/div>\n                                                            <\/div>\n                            <div class=\"c-product_element-media\">\n                                <img decoding=\"async\" class=\"c-product_card-img\" src=\"https:\/\/equipex.ca\/wp-content\/uploads\/2024\/04\/compresseur-haute-pression.jpg\" \n                                    alt=\"Compresseur d'air haute pression\">\n                            <\/div>\n                        <\/div>\n                                            <div class=\"c-product_element\">                            \n                            <div class=\"c-product_element-content\">\n                                <h3 class=\"c-product_card-title c-product-media-animate u-margin-bottom-none\">OIL-FREE COMPRESSORS<\/h3>\n                                 \n                                    <p><p>Whether you&#8217;re in the pharmaceutical, food, electronics or any other industry requiring perfect water quality, you can&#8217;t run the risk of contaminating your products. When you need oil-free compressed air of the highest purity, you can&#8217;t skimp on quality. It&#8217;s essential for the process and the end product, on which your reputation depends.<\/p>\n<p>Our world-renowned partner, Atlas Copco, is advancing oil-free compression technologies, and its oil-free screw compressors are ideal when high-purity air is required. With them, you can eliminate any risk of oil contamination. If your process requires dry, clean, 100% oil-free air, CompressAir Canada Location has the solution. When your compressors break down or need to be shut down (for maintenance, overhaul, etc.), CompressAir Canada Location offers reliable, easy-to-install equipment to maintain your productivity.<\/p>\n<p>We have oil-free electric and portable compressors, as well as oil-free air dryers.<\/p>\n<\/p>\n                                                                 \n                                    <div class=\"u-flex c-product_btn-div\">           \n                                        <a class=\"c-product_btn c-btn -secondary\" href=\"\/en\/quote-rental\/?prodcat=electric-diesel-compressors&#038;prodid=oil-free-compressors\" title=\"Get a quote\" target=\"_self\">Get a quote<\/a>\n                                    <\/div>\n                                                            <\/div>\n                            <div class=\"c-product_element-media\">\n                                <img decoding=\"async\" class=\"c-product_card-img\" src=\"https:\/\/equipex.ca\/wp-content\/uploads\/2024\/04\/pts1600_1.jpg\" \n                                    alt=\"Compresseur d'air PTS1600\">\n                            <\/div>\n                        <\/div>\n                                                        <\/div>\n            <\/div>\n<\/section>\n\n\n<section  class=\"o-section c-product_section c-product_model-1 u-bg-surface\">\n    <div class=\"o-container\">\n                    <div class=\"c-product_heading-div\">\n                                    <h2 class=\"c-product_heading animated\" data-animation=\"fadeInUp\">MOBILE AIR COMPRESSOR CHAMBER<\/h2>\n                \n                            <\/div>\n                <div class=\"c-product\">\n                                                                        <div class=\"c-product_element\">                            \n                            <div class=\"c-product_element-content\">\n                                <h3 class=\"c-product_card-title c-product-media-animate u-margin-bottom-none\"><\/h3>\n                                 \n                                    <p><p>We have mobile compressor chambers mounted in 40 to 53 foot enclosed trailers that include:<\/p>\n<p>&#8211; Atlas Copco compressor model GA160, 200 HP<br \/>\n&#8211; 400-gallon horizontal air tank<br \/>\n&#8211; Water\/oil (condensate) recovery system<br \/>\n&#8211; Desiccant air dryers<br \/>\n&#8211; Interior heating-lighting ventilation<br \/>\n&#8211; Access stairs<br \/>\n&#8211; 1 air hose 3&#8221; x 50 &#8216;<\/p>\n<\/p>\n                                                                 \n                                    <div class=\"u-flex c-product_btn-div\">           \n                                        <a class=\"c-product_btn c-btn -secondary\" href=\"\/en\/quote-rental\/?prodcat=mobile-air-compressor-chambers&#038;prodid=mobile-air-compressor-chambers\" title=\"Get a quote\" target=\"_self\">Get a quote<\/a>\n                                    <\/div>\n                                                            <\/div>\n                            <div class=\"c-product_element-media\">\n                                <img decoding=\"async\" class=\"c-product_card-img\" src=\"https:\/\/equipex.ca\/wp-content\/uploads\/2024\/03\/chambre-compresseur.jpg\" \n                                    alt=\"\">\n                            <\/div>\n                        <\/div>\n                                                        <\/div>\n            <\/div>\n<\/section>\n\n\n<section  class=\"o-section c-product_section c-product_model-1 u-bg-background\">\n    <div class=\"o-container\">\n                    <div class=\"c-product_heading-div\">\n                                    <h2 class=\"c-product_heading animated\" data-animation=\"fadeInUp\">AIR DRYERS<\/h2>\n                \n                            <\/div>\n                <div class=\"c-product\">\n                                                                        <div class=\"c-product_element\">                            \n                            <div class=\"c-product_element-content\">\n                                <h3 class=\"c-product_card-title c-product-media-animate u-margin-bottom-none\">REFRIGERANT AIR DRYERS<\/h3>\n                                 \n                                    <p><p>Air quality has a significant impact on compressed air systems. Properly treated compressed air improves productivity, system efficiency and product or process quality.<\/p>\n<p>Atlas Copco offers the widest selection of air treatment products. We also have the application knowledge to protect your investment and your compressed air system.<\/p>\n<p>Compressed air must be clean and dry. Moisture can cause pipe corrosion, premature failure of pneumatic equipment and product damage. Based on gas expansion with cyclic, non-cyclic and variable speed technology, Atlas Copco FD dryers remove moisture from compressed air with a dew point of +3 degrees Celsius \/ +37.4 degrees Fahrenheit. They are highly energy-efficient.<\/p>\n<\/p>\n                                                                 \n                                    <div class=\"u-flex c-product_btn-div\">           \n                                        <a class=\"c-product_btn c-btn -secondary\" href=\"\/en\/quote-rental\/?prodcat=air-dryers&#038;prodid=refrigerant-air-dryers\" title=\"Get a quote\" target=\"_self\">Get a quote<\/a>\n                                    <\/div>\n                                                            <\/div>\n                            <div class=\"c-product_element-media\">\n                                <img decoding=\"async\" class=\"c-product_card-img\" src=\"https:\/\/equipex.ca\/wp-content\/uploads\/2024\/04\/secheur-air-refrigerant.jpg\" \n                                    alt=\"S\u00e9cheur d'air r\u00e9frig\u00e9rant\">\n                            <\/div>\n                        <\/div>\n                                            <div class=\"c-product_element\">                            \n                            <div class=\"c-product_element-content\">\n                                <h3 class=\"c-product_card-title c-product-media-animate u-margin-bottom-none\">DESICCANT AIR DRYERS<\/h3>\n                                 \n                                    <p><p><strong>Desiccant air dryers available from 50 to 2400 CFM, 110V &#8211; 15 AMP power supply and dew point from -40 to -60 degrees Celsius.<\/strong><\/p>\n<p>Our desiccant air dryers are designed and engineered to efficiently dry compressed air for all applications, prolong the life of your equipment, increase productivity and reduce maintenance costs.<\/p>\n<\/p>\n                                                                 \n                                    <div class=\"u-flex c-product_btn-div\">           \n                                        <a class=\"c-product_btn c-btn -secondary\" href=\"\/en\/quote-rental\/?prodcat=air-dryers&#038;prodid=desiccant-air-dryers\" title=\"Get a quote\" target=\"_self\">Get a quote<\/a>\n                                    <\/div>\n                                                            <\/div>\n                            <div class=\"c-product_element-media\">\n                                <img decoding=\"async\" class=\"c-product_card-img\" src=\"https:\/\/equipex.ca\/wp-content\/uploads\/2024\/04\/secheur-air-dessiccant.jpg\" \n                                    alt=\"S\u00e9cheur d'air dessiccant\">\n                            <\/div>\n                        <\/div>\n                                                        <\/div>\n            <\/div>\n<\/section>\n\n\n<section  class=\"o-section c-product_section c-product_model-2 u-bg-background\">\n    <div class=\"o-container\">\n                    <div class=\"c-product_heading-div\">\n                                    <h2 class=\"c-product_heading animated\" data-animation=\"fadeInUp\">COOLERS AND OTHER<\/h2>\n                \n                            <\/div>\n                <div class=\"c-product\">\n                            \n                    <div class=\"products-list u-grid u-margin-top-lg\">\n\n                                                    \n                            <div class=\"products-item\">\n                                <img decoding=\"async\" class=\"product_card-img\" src=\"https:\/\/equipex.ca\/wp-content\/uploads\/2024\/04\/reservoirs-air.jpg\" \n                                        alt=\"R\u00e9servoirs d'air\">\n                                <h3 class=\"u-margin-bottom-none u-margin-top\">TANKS<\/h3>\n                                                                    <p class=\"u-margin-vertical-xs\"><p>Certified tanks from 60 to 660 gal.<br \/>\nAvailable<br \/>\nIncluding safety valve and pressure gauge<\/p>\n<\/p>\n                                                                <p class=\"u-margin-none link-p\"><a href=\"\/en\/quote-rental\/?prodcat=coolers-and-others&#038;prodid=tanks\" title=\"Soumission\" target=\"_self\">Soumission<\/a><\/p>\n                            <\/div>\n\n                                                    \n                            <div class=\"products-item\">\n                                <img decoding=\"async\" class=\"product_card-img\" src=\"https:\/\/equipex.ca\/wp-content\/uploads\/2024\/04\/refroidisseur-air-electrique.jpg\" \n                                        alt=\"Refroidisseur d'air\">\n                                <h3 class=\"u-margin-bottom-none u-margin-top\">ELECTRIC AIR COOLER<\/h3>\n                                                                    <p class=\"u-margin-vertical-xs\"><p>185 to 2300 CFM<\/p>\n<\/p>\n                                                                <p class=\"u-margin-none link-p\"><a href=\"\/en\/quote-rental\/?prodcat=coolers-and-others&#038;prodid=electric-air-cooler\" title=\"Get a quote\" target=\"_self\">Get a quote<\/a><\/p>\n                            <\/div>\n\n                                                    \n                            <div class=\"products-item\">\n                                <img decoding=\"async\" class=\"product_card-img\" src=\"https:\/\/equipex.ca\/wp-content\/uploads\/2024\/04\/repartiteur-air-buyaux.jpg\" \n                                        alt=\"R\u00e9partiteur d'air\">\n                                <h3 class=\"u-margin-bottom-none u-margin-top\">AIR FLOW DIVIDER<\/h3>\n                                                                    <p class=\"u-margin-vertical-xs\"><p>10 gal. tank<br \/>\n6 outlets 3\/4&#8243; CP<br \/>\n2&#8243; inlet<\/p>\n<\/p>\n                                                                <p class=\"u-margin-none link-p\"><a href=\"\/en\/quote-rental\/?prodcat=coolers-and-others&#038;prodid=air-flow-divider\" title=\"Get a quote\" target=\"_self\">Get a quote<\/a><\/p>\n                            <\/div>\n\n                                                    \n                            <div class=\"products-item\">\n                                <img decoding=\"async\" class=\"product_card-img\" src=\"https:\/\/equipex.ca\/wp-content\/uploads\/2024\/04\/Tuyaux-pour-compresseur.jpg\" \n                                        alt=\"Boyaux\">\n                                <h3 class=\"u-margin-bottom-none u-margin-top\">HOSES<\/h3>\n                                                                    <p class=\"u-margin-vertical-xs\"><p>3\/4&#8243;, 2&#8243; and 3&#8243; hoses available<br \/>\nAvailable in 300 PSI and 400 PSI<\/p>\n<\/p>\n                                                                <p class=\"u-margin-none link-p\"><a href=\"\/en\/quote-rental\/?prodcat=coolers-and-others&#038;prodid=hoses\" title=\"Get a quote\" target=\"_self\">Get a quote<\/a><\/p>\n                            <\/div>\n\n                        \n                    <\/div>\n\n                                    <\/div>\n            <\/div>\n<\/section>","protected":false},"excerpt":{"rendered":"","protected":false},"author":1,"featured_media":0,"parent":0,"menu_order":0,"comment_status":"closed","ping_status":"closed","template":"\/templates\/location-page-with-sidebar.php","meta":{"_acf_changed":false,"inline_featured_image":false,"footnotes":""},"acf":[],"yoast_head":"<!-- This site is optimized with the Yoast SEO plugin v22.5 - https:\/\/yoast.com\/wordpress\/plugins\/seo\/ -->\n<title>Compressors | EQUIPEX<\/title>\n<meta name=\"robots\" content=\"index, follow, max-snippet:-1, max-image-preview:large, max-video-preview:-1\" \/>\n<link rel=\"canonical\" href=\"https:\/\/equipex.ca\/en\/rental\/compressors\/\" \/>\n<meta property=\"og:locale\" content=\"en_US\" \/>\n<meta property=\"og:type\" content=\"article\" \/>\n<meta property=\"og:title\" content=\"Compressors | EQUIPEX\" \/>\n<meta property=\"og:url\" content=\"https:\/\/equipex.ca\/en\/rental\/compressors\/\" \/>\n<meta property=\"og:site_name\" content=\"EQUIPEX\" \/>\n<meta property=\"article:modified_time\" content=\"2024-04-18T11:55:28+00:00\" \/>\n<meta name=\"twitter:card\" content=\"summary_large_image\" \/>\n<script type=\"application\/ld+json\" class=\"yoast-schema-graph\">{\"@context\":\"https:\/\/schema.org\",\"@graph\":[{\"@type\":\"WebPage\",\"@id\":\"https:\/\/equipex.ca\/en\/rental\/compressors\/\",\"url\":\"https:\/\/equipex.ca\/en\/rental\/compressors\/\",\"name\":\"Compressors | EQUIPEX\",\"isPartOf\":{\"@id\":\"https:\/\/equipex.ca\/en\/#website\"},\"datePublished\":\"2024-03-11T14:34:57+00:00\",\"dateModified\":\"2024-04-18T11:55:28+00:00\",\"breadcrumb\":{\"@id\":\"https:\/\/equipex.ca\/en\/rental\/compressors\/#breadcrumb\"},\"inLanguage\":\"en-US\",\"potentialAction\":[{\"@type\":\"ReadAction\",\"target\":[\"https:\/\/equipex.ca\/en\/rental\/compressors\/\"]}]},{\"@type\":\"BreadcrumbList\",\"@id\":\"https:\/\/equipex.ca\/en\/rental\/compressors\/#breadcrumb\",\"itemListElement\":[{\"@type\":\"ListItem\",\"position\":1,\"name\":\"Accueil\",\"item\":\"https:\/\/equipex.ca\/en\/\"},{\"@type\":\"ListItem\",\"position\":2,\"name\":\"Compressors\"}]},{\"@type\":\"WebSite\",\"@id\":\"https:\/\/equipex.ca\/en\/#website\",\"url\":\"https:\/\/equipex.ca\/en\/\",\"name\":\"EQUIPEX\",\"description\":\"Industrial equipment and supplies\",\"potentialAction\":[{\"@type\":\"SearchAction\",\"target\":{\"@type\":\"EntryPoint\",\"urlTemplate\":\"https:\/\/equipex.ca\/en\/?s={search_term_string}\"},\"query-input\":\"required name=search_term_string\"}],\"inLanguage\":\"en-US\"}]}<\/script>\n<!-- \/ Yoast SEO plugin. -->","yoast_head_json":{"title":"Compressors | EQUIPEX","robots":{"index":"index","follow":"follow","max-snippet":"max-snippet:-1","max-image-preview":"max-image-preview:large","max-video-preview":"max-video-preview:-1"},"canonical":"https:\/\/equipex.ca\/en\/rental\/compressors\/","og_locale":"en_US","og_type":"article","og_title":"Compressors | EQUIPEX","og_url":"https:\/\/equipex.ca\/en\/rental\/compressors\/","og_site_name":"EQUIPEX","article_modified_time":"2024-04-18T11:55:28+00:00","twitter_card":"summary_large_image","schema":{"@context":"https:\/\/schema.org","@graph":[{"@type":"WebPage","@id":"https:\/\/equipex.ca\/en\/rental\/compressors\/","url":"https:\/\/equipex.ca\/en\/rental\/compressors\/","name":"Compressors | EQUIPEX","isPartOf":{"@id":"https:\/\/equipex.ca\/en\/#website"},"datePublished":"2024-03-11T14:34:57+00:00","dateModified":"2024-04-18T11:55:28+00:00","breadcrumb":{"@id":"https:\/\/equipex.ca\/en\/rental\/compressors\/#breadcrumb"},"inLanguage":"en-US","potentialAction":[{"@type":"ReadAction","target":["https:\/\/equipex.ca\/en\/rental\/compressors\/"]}]},{"@type":"BreadcrumbList","@id":"https:\/\/equipex.ca\/en\/rental\/compressors\/#breadcrumb","itemListElement":[{"@type":"ListItem","position":1,"name":"Accueil","item":"https:\/\/equipex.ca\/en\/"},{"@type":"ListItem","position":2,"name":"Compressors"}]},{"@type":"WebSite","@id":"https:\/\/equipex.ca\/en\/#website","url":"https:\/\/equipex.ca\/en\/","name":"EQUIPEX","description":"Industrial equipment and supplies","potentialAction":[{"@type":"SearchAction","target":{"@type":"EntryPoint","urlTemplate":"https:\/\/equipex.ca\/en\/?s={search_term_string}"},"query-input":"required name=search_term_string"}],"inLanguage":"en-US"}]}},"_links":{"self":[{"href":"https:\/\/equipex.ca\/en\/wp-json\/wp\/v2\/pages\/3364"}],"collection":[{"href":"https:\/\/equipex.ca\/en\/wp-json\/wp\/v2\/pages"}],"about":[{"href":"https:\/\/equipex.ca\/en\/wp-json\/wp\/v2\/types\/page"}],"author":[{"embeddable":true,"href":"https:\/\/equipex.ca\/en\/wp-json\/wp\/v2\/users\/1"}],"replies":[{"embeddable":true,"href":"https:\/\/equipex.ca\/en\/wp-json\/wp\/v2\/comments?post=3364"}],"version-history":[{"count":4,"href":"https:\/\/equipex.ca\/en\/wp-json\/wp\/v2\/pages\/3364\/revisions"}],"predecessor-version":[{"id":4183,"href":"https:\/\/equipex.ca\/en\/wp-json\/wp\/v2\/pages\/3364\/revisions\/4183"}],"wp:attachment":[{"href":"https:\/\/equipex.ca\/en\/wp-json\/wp\/v2\/media?parent=3364"}],"curies":[{"name":"wp","href":"https:\/\/api.w.org\/{rel}","templated":true}]}}