{"id":3394,"date":"2024-03-07T21:27:51","date_gmt":"2024-03-07T20:27:51","guid":{"rendered":"https:\/\/dev.equipex.ca\/photos-and-videos\/"},"modified":"2024-04-15T16:04:58","modified_gmt":"2024-04-15T14:04:58","slug":"photos-and-videos","status":"publish","type":"page","link":"https:\/\/equipex.ca\/en\/photos-and-videos\/","title":{"rendered":"Photos and videos"},"content":{"rendered":"\n<section class=\"o-section -no-spacing u-bg-primary-700 section-height-auto\">\n    <div class=\"c-hero o-container full\">\n        <div class=\"c-hero_inner\">\n            <div class=\"c-hero_content -align_v-left\">\n                                                                    <h1 class=\"c-hero_heading c-heading -h0 animated\" data-animation=\"fadeInUp\">PHOTOS ET VID\u00c9OS<\/h1>\n                 \n                                    <p class=\"c-hero_description animated\" data-animation=\"fadeInUp\">B\u00e9n\u00e9ficiez de conseils, de pr\u00e9sentations sur de nouveaux produits ainsi que d\u2019exemples d\u2019\u00e9tudes de cas.<\/p>\n                 \n                                 \n                    <div class=\"u-flex c-hero_btn-div\">           \n                                                    <a class=\"c-hero_btn c-btn -secondary animated\" href=\"#\" title=\"Contactez-nous\" target=\"_self\" data-animation=\"fadeInUp\">Contactez-nous<\/a>\n                                                                            <a class=\"c-hero_btn c-btn animated\" href=\"#\" title=\"Catalogue\" target=\"_self\" data-animation=\"fadeInUp\">Catalogue<\/a>\n                                            <\/div>\n                \n            <\/div>\n                        \n                <div class=\"c-hero_media -round\" src=\"\">\n                    <img decoding=\"async\" class=\"c-hero_image animated\" src=\"\" \n                                        alt=\"\" data-animation=\"fadeIn\">\n                                    <\/div>\n\n                    <\/div> \n    <\/div>\n<\/section>\n<div class=\"triangle-pattern triangle-pattern--accent\"><\/div>\n<div class=\"anchor\"><\/div>\n\n\n<section  class=\"o-block c-text_model-2 c-text_background-img u-bg-primary-700\" style=\"background-image:url(https:\/\/equipex.ca\/wp-content\/uploads\/2024\/03\/GettyImages-481636484.jpg)\">\n    <div class=\"c-text o-container\">\n        <div class=\"c-text_inner\">\n                            <div class=\"c-text_heading  u-margin-bottom\">\n                    <h2 class=\"u-margin-bottom-none\">PROFITEZ DE NOS CONNAISSANCES!<\/h2>\n                                    <\/div>\n            \n                            <div class=\"c-text_content\">\n                    <p>Nous suivons des formations, nous participons \u00e0 des conf\u00e9rences et nous avons des relations privil\u00e9gi\u00e9es avec nos fournisseurs. Nous sommes \u00e0 l\u2019avant-garde des changements dans l\u2019industrie.<\/p>\n\n                <\/div>\n            \n                    <\/div>\n    <\/div>\n<\/section>\n\n\n<section id=\"galerie-videos\" class=\"o-block u-bg-background\">\n    <div class=\"c-videos o-container\">\n                    <h2 class=\"o-section_heading\">GALERIE DE VID\u00c9OS<\/h2>\n                <div class=\"c-videos_inner\">            \n                                                <div class=\"c-videos_media c-videos_media_video\">\n                        <a class=\"popup-youtube\" href=\"https:\/\/www.youtube.com\/watch?v=SXzkmNXbApI\">\n                            <img decoding=\"async\" class=\"c-videos_image\"\n                                src=\"https:\/\/via.placeholder.com\/2560\"\n                                alt=\"\">\n                        <\/a>\n                                                    <p class=\"u-margin-bottom-none u-margin-top-xs\">Dynabrade Dynorbital Extreme Ponceuses Orbitales<\/p>\n                                            <\/div>\n                                    <div class=\"c-videos_media c-videos_media_video\">\n                        <a class=\"popup-youtube\" href=\"https:\/\/www.youtube.com\/watch?v=PdxG5IJAQOs\">\n                            <img decoding=\"async\" class=\"c-videos_image\"\n                                src=\"https:\/\/via.placeholder.com\/2560\"\n                                alt=\"\">\n                        <\/a>\n                                                    <p class=\"u-margin-bottom-none u-margin-top-xs\">Atlas Copco Transformers<\/p>\n                                            <\/div>\n                                    <\/div>\n    <\/div>\n<\/section>\n\n\n<section id=\"etudes-cas\" class=\"o-block u-bg-surface\">\n    <div class=\"c-media-text o-container\">\n                    <h2 class=\"o-section_heading\">\u00c9TUDE DE CAS<\/h2>\n                <div class=\"c-media-text_inner relative-media right\">\n            <div class=\"c-media-text_media\">\n                <img decoding=\"async\" class=\"c-media-text_image\"\n                    src=\"https:\/\/via.placeholder.com\/2560\"\n                                        alt=\"\">\n            <\/div>\n            <div class=\"c-media-text_content\">\n                <h3>MEUNERIE<\/h3>\n<p><strong>Situation<\/strong><br \/>\nLe nettoyage traditionnel utilisant un balai et une pelle entra\u00eene diff\u00e9rents probl\u00e8mes. Les mati\u00e8res non ramass\u00e9es augmentent le risque de vermine. Le d\u00e9placement de poussi\u00e8res lors du nettoyage augmente le risque de m\u00e9lange non d\u00e9sir\u00e9 de produits, d\u2019o\u00f9 le risque de contamination alimentaire.<\/p>\n<p><strong>B\u00e9n\u00e9fice<\/strong><br \/>\nUn environnement de travail plus propre, plus s\u00e9curitaire, plus efficace. Le contr\u00f4le des contaminants est mieux g\u00e9r\u00e9. Les risques de contamination alimentaire et de propagation d\u2019incendie en sont diminu\u00e9s.<\/p>\n<p><strong>Solution<\/strong><br \/>\nUn LPAK-250 avec 18 sorties \u00e0 clapets manuels aux endroits strat\u00e9giques afin de couvrir l\u2019ensemble des b\u00e2timents; des interrupteurs et ensembles de nettoyage sur les 3 paliers \u00e0 nettoyer; un pr\u00e9-s\u00e9parateur vidange la plus grande partie du mat\u00e9riel r\u00e9cup\u00e9r\u00e9 dans un contenant facile \u00e0 disposer. Le syst\u00e8me est compl\u00e8tement antid\u00e9flagrant.<\/p>\n\n            <\/div>\n        <\/div>\n    <\/div>\n<\/section>","protected":false},"excerpt":{"rendered":"","protected":false},"author":1,"featured_media":0,"parent":0,"menu_order":0,"comment_status":"closed","ping_status":"closed","template":"\/templates\/landing-page-with-sidebar.php","meta":{"_acf_changed":false,"inline_featured_image":false,"footnotes":""},"acf":[],"yoast_head":"<!-- This site is optimized with the Yoast SEO plugin v22.5 - https:\/\/yoast.com\/wordpress\/plugins\/seo\/ -->\n<title>Photos and videos | EQUIPEX<\/title>\n<meta name=\"robots\" content=\"index, follow, max-snippet:-1, max-image-preview:large, max-video-preview:-1\" \/>\n<link rel=\"canonical\" href=\"https:\/\/equipex.ca\/en\/photos-and-videos\/\" \/>\n<meta property=\"og:locale\" content=\"en_US\" \/>\n<meta property=\"og:type\" content=\"article\" \/>\n<meta property=\"og:title\" content=\"Photos and videos | EQUIPEX\" \/>\n<meta property=\"og:url\" content=\"https:\/\/equipex.ca\/en\/photos-and-videos\/\" \/>\n<meta property=\"og:site_name\" content=\"EQUIPEX\" \/>\n<meta property=\"article:modified_time\" content=\"2024-04-15T14:04:58+00:00\" \/>\n<meta name=\"twitter:card\" content=\"summary_large_image\" \/>\n<script type=\"application\/ld+json\" class=\"yoast-schema-graph\">{\"@context\":\"https:\/\/schema.org\",\"@graph\":[{\"@type\":\"WebPage\",\"@id\":\"https:\/\/equipex.ca\/en\/photos-and-videos\/\",\"url\":\"https:\/\/equipex.ca\/en\/photos-and-videos\/\",\"name\":\"Photos and videos | EQUIPEX\",\"isPartOf\":{\"@id\":\"https:\/\/equipex.ca\/en\/#website\"},\"datePublished\":\"2024-03-07T20:27:51+00:00\",\"dateModified\":\"2024-04-15T14:04:58+00:00\",\"breadcrumb\":{\"@id\":\"https:\/\/equipex.ca\/en\/photos-and-videos\/#breadcrumb\"},\"inLanguage\":\"en-US\",\"potentialAction\":[{\"@type\":\"ReadAction\",\"target\":[\"https:\/\/equipex.ca\/en\/photos-and-videos\/\"]}]},{\"@type\":\"BreadcrumbList\",\"@id\":\"https:\/\/equipex.ca\/en\/photos-and-videos\/#breadcrumb\",\"itemListElement\":[{\"@type\":\"ListItem\",\"position\":1,\"name\":\"Accueil\",\"item\":\"https:\/\/equipex.ca\/en\/\"},{\"@type\":\"ListItem\",\"position\":2,\"name\":\"Photos and videos\"}]},{\"@type\":\"WebSite\",\"@id\":\"https:\/\/equipex.ca\/en\/#website\",\"url\":\"https:\/\/equipex.ca\/en\/\",\"name\":\"EQUIPEX\",\"description\":\"Industrial equipment and supplies\",\"potentialAction\":[{\"@type\":\"SearchAction\",\"target\":{\"@type\":\"EntryPoint\",\"urlTemplate\":\"https:\/\/equipex.ca\/en\/?s={search_term_string}\"},\"query-input\":\"required name=search_term_string\"}],\"inLanguage\":\"en-US\"}]}<\/script>\n<!-- \/ Yoast SEO plugin. -->","yoast_head_json":{"title":"Photos and videos | EQUIPEX","robots":{"index":"index","follow":"follow","max-snippet":"max-snippet:-1","max-image-preview":"max-image-preview:large","max-video-preview":"max-video-preview:-1"},"canonical":"https:\/\/equipex.ca\/en\/photos-and-videos\/","og_locale":"en_US","og_type":"article","og_title":"Photos and videos | EQUIPEX","og_url":"https:\/\/equipex.ca\/en\/photos-and-videos\/","og_site_name":"EQUIPEX","article_modified_time":"2024-04-15T14:04:58+00:00","twitter_card":"summary_large_image","schema":{"@context":"https:\/\/schema.org","@graph":[{"@type":"WebPage","@id":"https:\/\/equipex.ca\/en\/photos-and-videos\/","url":"https:\/\/equipex.ca\/en\/photos-and-videos\/","name":"Photos and videos | EQUIPEX","isPartOf":{"@id":"https:\/\/equipex.ca\/en\/#website"},"datePublished":"2024-03-07T20:27:51+00:00","dateModified":"2024-04-15T14:04:58+00:00","breadcrumb":{"@id":"https:\/\/equipex.ca\/en\/photos-and-videos\/#breadcrumb"},"inLanguage":"en-US","potentialAction":[{"@type":"ReadAction","target":["https:\/\/equipex.ca\/en\/photos-and-videos\/"]}]},{"@type":"BreadcrumbList","@id":"https:\/\/equipex.ca\/en\/photos-and-videos\/#breadcrumb","itemListElement":[{"@type":"ListItem","position":1,"name":"Accueil","item":"https:\/\/equipex.ca\/en\/"},{"@type":"ListItem","position":2,"name":"Photos and videos"}]},{"@type":"WebSite","@id":"https:\/\/equipex.ca\/en\/#website","url":"https:\/\/equipex.ca\/en\/","name":"EQUIPEX","description":"Industrial equipment and supplies","potentialAction":[{"@type":"SearchAction","target":{"@type":"EntryPoint","urlTemplate":"https:\/\/equipex.ca\/en\/?s={search_term_string}"},"query-input":"required name=search_term_string"}],"inLanguage":"en-US"}]}},"_links":{"self":[{"href":"https:\/\/equipex.ca\/en\/wp-json\/wp\/v2\/pages\/3394"}],"collection":[{"href":"https:\/\/equipex.ca\/en\/wp-json\/wp\/v2\/pages"}],"about":[{"href":"https:\/\/equipex.ca\/en\/wp-json\/wp\/v2\/types\/page"}],"author":[{"embeddable":true,"href":"https:\/\/equipex.ca\/en\/wp-json\/wp\/v2\/users\/1"}],"replies":[{"embeddable":true,"href":"https:\/\/equipex.ca\/en\/wp-json\/wp\/v2\/comments?post=3394"}],"version-history":[{"count":1,"href":"https:\/\/equipex.ca\/en\/wp-json\/wp\/v2\/pages\/3394\/revisions"}],"predecessor-version":[{"id":3395,"href":"https:\/\/equipex.ca\/en\/wp-json\/wp\/v2\/pages\/3394\/revisions\/3395"}],"wp:attachment":[{"href":"https:\/\/equipex.ca\/en\/wp-json\/wp\/v2\/media?parent=3394"}],"curies":[{"name":"wp","href":"https:\/\/api.w.org\/{rel}","templated":true}]}}